{"id":2,"date":"2020-11-08T11:30:08","date_gmt":"2020-11-08T11:30:08","guid":{"rendered":"https:\/\/loisdumonde.com\/?page_id=2"},"modified":"2020-12-12T17:19:15","modified_gmt":"2020-12-12T17:19:15","slug":"sample-page","status":"publish","type":"page","link":"https:\/\/loisdumonde.com\/","title":{"rendered":"Loisdumonde &#8211; aide \u00e0 la recherche de lois et informations l\u00e9gales"},"content":{"rendered":"<p>Le site \u00ab\u00a0LoisduMonde\u00a0\u00bb a \u00e9t\u00e9 cr\u00e9\u00e9 afin d&rsquo;aider \u00e0 la recherche d&rsquo;informations juridiques, ainsi qu&rsquo;\u00e0 r\u00e9soudre divers probl\u00e8mes survenant dans la pratique des avocats.<\/p>\n<p>Le site contient les lois, la pratique judiciaire (d\u00e9cisions de justice dans les affaires p\u00e9nales et civiles), des informations \u00e0 caract\u00e8re \u00e9ducatif, scientifique et cognitif, qui se trouvent dans des sections th\u00e9matiques. Vous trouverez \u00e9galement sur le site des solutions \u00e0 des probl\u00e8mes complexes.<\/p>\n<p><img loading=\"lazy\" decoding=\"async\" class=\"alignleft wp-image-105 size-medium\" title=\"Le droit est d\u00e9fini comme \u00ab l'ensemble des r\u00e8gles qui r\u00e9gissent la conduite des hommes et des femmes en soci\u00e9t\u00e9, les rapports sociaux \u00bb\" src=\"https:\/\/loisdumonde.com\/wp-content\/uploads\/2020\/11\/Droit-300x214.jpg\" alt=\"droit\" width=\"300\" height=\"214\" srcset=\"https:\/\/loisdumonde.com\/wp-content\/uploads\/2020\/11\/Droit-300x214.jpg 300w, https:\/\/loisdumonde.com\/wp-content\/uploads\/2020\/11\/Droit-260x186.jpg 260w, https:\/\/loisdumonde.com\/wp-content\/uploads\/2020\/11\/Droit-160x114.jpg 160w, https:\/\/loisdumonde.com\/wp-content\/uploads\/2020\/11\/Droit.jpg 350w\" sizes=\"auto, (max-width: 300px) 100vw, 300px\" \/><\/p>\n<p><em>Assistance juridique pour saisir la Cour europ\u00e9enne des droits de l&rsquo;homme<\/em><\/p>\n<p>La Cour europ\u00e9enne des droits de l&rsquo;homme (<a href=\"https:\/\/www.echr.coe.int\/Pages\/home.aspx?p=home&amp;c=fre\" target=\"_blank\" rel=\"noopener noreferrer\">CEDH<\/a>) est une juridiction internationale institu\u00e9e en 1959 par le Conseil de l&rsquo;Europe ayant pour mission d&rsquo;assurer le respect des engagements souscrits par les \u00c9tats signataires de la Convention europ\u00e9enne des droits de l&rsquo;homme.<\/p>\n<p>La comp\u00e9tence de la Cour s\u2019\u00e9tend \u00e0 toutes les questions concernant l\u2019interpr\u00e9tation et l\u2019application de la Convention et de ses protocoles additionnels. La Cour peut \u00eatre saisie d\u2019une requ\u00eate par un \u00c9tat ou \u00ab par toute personne physique, toute organisation non gouvernementale ou tout groupe de particuliers qui s&rsquo;estime victime d&rsquo;une violation \u00bb de ses droits ou libert\u00e9s, garantis par la Convention.<\/p>\n<p>Nouvelles d\u00e9cisions de la Cour europ\u00e9enne des droits de l&rsquo;homme:<\/p>\n<ul>\n<li>AFFAIRE A.V. c. ITALIE Requ\u00eate no <a href=\"https:\/\/loisdumonde.com\/?p=255\" target=\"_blank\" rel=\"noopener\">36936\/18<\/a>. La requ\u00eate concerne la violation all\u00e9gu\u00e9e du droit au respect de la vie familiale du requ\u00e9rant en raison de l\u2019impossibilit\u00e9 pour ce dernier d\u2019exercer son droit de visite dans les conditions fix\u00e9es par les tribunaux.<\/li>\n<li>AFFAIRE EDIZIONI DEL ROMA SOCIETA COOPERATIVA A.R.L. c. ITALIE. Requ\u00eates nos <a href=\"https:\/\/loisdumonde.com\/?p=251\" target=\"_blank\" rel=\"noopener\">68954\/13 et 70495\/13<\/a>. Les requ\u00eates concernent les sanctions p\u00e9cuniaires qui furent inflig\u00e9es par l\u2019autorit\u00e9 italienne de r\u00e9gulation des t\u00e9l\u00e9coms (Autorit\u00e0 per le garanzie nelle comunicazioni \u2013 \u00ab\u00a0l\u2019AGCOM\u00a0\u00bb) aux soci\u00e9t\u00e9s requ\u00e9rantes, qui exer\u00e7aient des activit\u00e9s dans le domaine de l\u2019\u00e9dition et qui, \u00e0 la suite de ces sanctions, perdirent les financements publics dont elles b\u00e9n\u00e9ficiaient dans ce cadre, ce qui provoqua la faillite de l\u2019une d\u2019entre elles.<\/li>\n<li>AFFAIRE \u00c7OKB\u0130LG\u0130N ET AYVAZ c. TURQUIE. Requ\u00eate no <a href=\"https:\/\/loisdumonde.com\/?p=244\" target=\"_blank\" rel=\"noopener\">3625\/05<\/a>. Les requ\u00e9rants se plaignent de l\u2019imposition de mesures conservatoires portant sur leurs biens et de ce que, m\u00eame apr\u00e8s qu\u2019une d\u00e9cision de non-lieu eut \u00e9t\u00e9 rendue en leur faveur, leur demande de mainlev\u00e9e de cette mesure a \u00e9t\u00e9 rejet\u00e9e, au motif qu\u2019une proc\u00e9dure p\u00e9nale pour d\u00e9tournement de fonds publics engag\u00e9e contre les dirigeants d\u2019\u0130marbank \u00e9tait encore pendante devant les tribunaux nationaux.<\/li>\n<li>AFFAIRE LUNGU c. ROUMANIE. Requ\u00eate no <a href=\"https:\/\/loisdumonde.com\/?p=242\" target=\"_blank\" rel=\"noopener\">22078\/13<\/a>. La pr\u00e9sente requ\u00eate a trait \u00e0 l\u2019\u00e9quit\u00e9 de la proc\u00e9dure p\u00e9nale pour trafic d\u2019influence men\u00e9e contre le requ\u00e9rant sous l\u2019angle de l\u2019article 6 de la Convention. Elle soul\u00e8ve \u00e9galement une question relative aux obligations des autorit\u00e9s nationales d\u00e9coulant de l\u2019article 34 de la Convention.<\/li>\n<li>AFFAIRE AZ\u0130ZO\u011eLU ET AZ\u0130ZO\u011eLU A.\u015e. c. TURQUIE. Requ\u00eate no <a href=\"https:\/\/loisdumonde.com\/?p=236\" target=\"_blank\" rel=\"noopener\">54525\/07<\/a>. La pr\u00e9sente requ\u00eate concerne la non-ex\u00e9cution de d\u00e9cisions de justice internes rendues en faveur des requ\u00e9rants. S\u2019appuyant sur les articles 6 \u00a7 1 et 13 de la Convention et l\u2019article 1 du Protocole no 1, les requ\u00e9rants se plaignent que les autorit\u00e9s ne leur aient pas restitu\u00e9 une grande quantit\u00e9 de fioul qui avait \u00e9t\u00e9 confisqu\u00e9 au cours de la proc\u00e9dure p\u00e9nale, malgr\u00e9 l\u2019acquittement du premier requ\u00e9rant et le jugement d\u00e9finitif du tribunal p\u00e9nal qui ordonnait la restitution de plein droit du fioul.<\/li>\n<li>AFFAIRE AsDAC c. R\u00c9PUBLIQUE DE MOLDOVA. Requ\u00eate no <a href=\"https:\/\/loisdumonde.com\/?p=232\" target=\"_blank\" rel=\"noopener\">47384\/07<\/a>. La pr\u00e9sente affaire porte sur l\u2019utilisation gratuite par les autorit\u00e9s \u00e9tatiques des \u0153uvres, qui auraient \u00e9t\u00e9 prot\u00e9g\u00e9es par le droit d\u2019auteur, cr\u00e9\u00e9es par des membres de l\u2019association requ\u00e9rante. Elle soul\u00e8ve principalement des questions sur la qualit\u00e9 de victime de cette derni\u00e8re ainsi que sur le respect de l\u2019article 1 du Protocole no 1 \u00e0 la Convention.<\/li>\n<\/ul>\n<p>\u00c0 ne pas confondre avec <a href=\"https:\/\/curia.europa.eu\/jcms\/jcms\/j_6\/fr\/\" target=\"_blank\" rel=\"noopener noreferrer\">la Cour de justice de l&rsquo;Union europ\u00e9enne<\/a>, qui est une institution de l&rsquo;Union europ\u00e9enne.<\/p>\n<p>La Cour de justice de l&rsquo;Union europ\u00e9enne (CJUE), anciennement Cour de justice des Communaut\u00e9s europ\u00e9ennes (CJCE), est l&rsquo;une des sept institutions de l&rsquo;Union europ\u00e9enne. Elle regroupe deux juridictions : la Cour de justice et le Tribunal (une troisi\u00e8me juridiction, le Tribunal de la fonction publique, a \u00e9t\u00e9 dissoute le 1er septembre 2016). Le si\u00e8ge de l&rsquo;institution et de ses diff\u00e9rentes juridictions est \u00e0 Luxembourg.<\/p>\n<p>La Cour veille \u00e0 l&rsquo;application du droit de l&rsquo;Union et \u00e0 l&rsquo;uniformit\u00e9 de son interpr\u00e9tation sur le territoire de l&rsquo;Union. \u00c0 cette fin, elle contr\u00f4le la l\u00e9galit\u00e9 des actes des institutions de l&rsquo;Union europ\u00e9enne et statue sur le respect, par les \u00c9tats membres, des obligations qui d\u00e9coulent des trait\u00e9s. Elle interpr\u00e8te \u00e9galement le droit de l&rsquo;Union \u00e0 la demande des juges nationaux.<\/p>\n<p>Le droit est d\u00e9fini comme \u00ab l&rsquo;ensemble des r\u00e8gles qui r\u00e9gissent la conduite des hommes et des femmes en soci\u00e9t\u00e9, les rapports sociaux \u00bb, ou de fa\u00e7on plus compl\u00e8te \u00ab l&rsquo;ensemble des r\u00e8gles impos\u00e9es aux membres d&rsquo;une soci\u00e9t\u00e9 pour que leurs rapports sociaux \u00e9chappent \u00e0 l&rsquo;arbitraire et \u00e0 la violence des individus et soient conformes \u00e0 l&rsquo;\u00e9thique dominante \u00bb.<\/p>\n<p>Ces r\u00e8gles, appel\u00e9es r\u00e8gles de droit, sont abstraites et obligatoires et indiquent ce qui \u00ab doit \u00eatre fait \u00bb. Ces r\u00e8gles juridiques peuvent trouver leur source dans une source normative \u00ab sup\u00e9rieure \u00bb, ext\u00e9rieure, transcendante, comme le droit naturel, ou d\u00e9coulent de normes intrins\u00e8ques. Dans ce second cas, les r\u00e8gles sont issues d&rsquo;usages constat\u00e9s et accept\u00e9s (droit coutumier) ou sont \u00e9dict\u00e9es et consacr\u00e9es par un organe officiel charg\u00e9 de r\u00e9gir l&rsquo;organisation et le d\u00e9roulement des relations sociales (droit \u00e9crit).<\/p>\n<p>La \u00ab\u00a0force\u00a0\u00bb obligatoire du droit suppose\u00a0:<\/p>\n<ul>\n<li>que la source du droit soit reconnue et accept\u00e9e comme l\u00e9gitime\u00a0;<\/li>\n<li>que l&rsquo;\u00e9nonc\u00e9 de la loi soit connu de tous, ce qui implique qu&rsquo;il fasse l&rsquo;objet d&rsquo;une large publication ou d&rsquo;une accessibilit\u00e9 certaine. Cette exigence est refl\u00e9t\u00e9e par l&rsquo;adage \u00ab\u00a0Nul n&rsquo;est cens\u00e9 ignorer la loi\u00a0\u00bb\u00a0;<\/li>\n<li>que l&rsquo;application de la loi puisse \u00eatre garantie par l&rsquo;existence de moyens de contrainte pr\u00e9vus par elle et organis\u00e9s soit par toute proc\u00e9dure d&rsquo;arbitrage convenue entre les parties, soit par l&rsquo;\u00c9tat ou par une instance sp\u00e9cialis\u00e9e.<\/li>\n<\/ul>\n<p>Dans les soci\u00e9t\u00e9s revendiquant la s\u00e9paration des pouvoirs, l&rsquo;application du droit r\u00e9sulte d&rsquo;une collaboration entre le pouvoir l\u00e9gislatif qui d\u00e9finit le droit, le pouvoir ex\u00e9cutif qui veille \u00e0 son ex\u00e9cution \u2014 en collaboration avec les citoyens \u2014 et le pouvoir judiciaire qui re\u00e7oit mission d&rsquo;interpr\u00e9ter et de sanctionner les \u00e9ventuels manquements ou contestations soulev\u00e9es par son application.<\/p>\n<p>Sur le site, vous pouvez trouver des articles contenant l&rsquo;exp\u00e9rience pratique des avocats, des \u00e9v\u00e9nements dans le domaine de l&rsquo;activit\u00e9 l\u00e9gislative, de la science, qui font partie int\u00e9grante du processus d&rsquo;apprentissage. Les probl\u00e8mes auxquels sont confront\u00e9s les forces de l&rsquo;ordre et les citoyens lors de l&rsquo;application de certaines lois et les moyens de les r\u00e9soudre sont examin\u00e9s. Nous esp\u00e9rons que notre site Web Loisdumonde vous aidera \u00e0 r\u00e9soudre les probl\u00e8mes qui vous int\u00e9ressent.<\/p>\n<div class=\"social-share-buttons\"><a href=\"https:\/\/www.facebook.com\/sharer\/sharer.php?u=https:\/\/loisdumonde.com\/\" target=\"_blank\" rel=\"noopener\">Facebook<\/a><a href=\"https:\/\/twitter.com\/intent\/tweet?url=https:\/\/loisdumonde.com\/&text=Loisdumonde+%E2%80%93+aide+%C3%A0+la+recherche+de+lois+et+informations+l%C3%A9gales\" target=\"_blank\" rel=\"noopener\">Twitter<\/a><a href=\"https:\/\/www.linkedin.com\/shareArticle?url=https:\/\/loisdumonde.com\/&title=Loisdumonde+%E2%80%93+aide+%C3%A0+la+recherche+de+lois+et+informations+l%C3%A9gales\" target=\"_blank\" rel=\"noopener\">LinkedIn<\/a><a href=\"https:\/\/pinterest.com\/pin\/create\/button\/?url=https:\/\/loisdumonde.com\/&description=Loisdumonde+%E2%80%93+aide+%C3%A0+la+recherche+de+lois+et+informations+l%C3%A9gales\" target=\"_blank\" rel=\"noopener\">Pinterest<\/a><\/div>","protected":false},"excerpt":{"rendered":"<p>Le site \u00ab\u00a0LoisduMonde\u00a0\u00bb a \u00e9t\u00e9 cr\u00e9\u00e9 afin d&rsquo;aider \u00e0 la recherche d&rsquo;informations juridiques, ainsi qu&rsquo;\u00e0 r\u00e9soudre divers probl\u00e8mes survenant dans la pratique des avocats. Le site contient les lois, la pratique judiciaire (d\u00e9cisions de justice dans les affaires p\u00e9nales et&hellip;<\/p>\n<p class=\"more-link-p\"><a class=\"more-link\" href=\"https:\/\/loisdumonde.com\/\">Read more &rarr;<\/a><\/p>\n","protected":false},"author":1,"featured_media":0,"parent":0,"menu_order":0,"comment_status":"closed","ping_status":"open","template":"","meta":{"_lmt_disableupdate":"","_lmt_disable":"","footnotes":""},"class_list":["post-2","page","type-page","status-publish","hentry"],"_links":{"self":[{"href":"https:\/\/loisdumonde.com\/index.php?rest_route=\/wp\/v2\/pages\/2","targetHints":{"allow":["GET"]}}],"collection":[{"href":"https:\/\/loisdumonde.com\/index.php?rest_route=\/wp\/v2\/pages"}],"about":[{"href":"https:\/\/loisdumonde.com\/index.php?rest_route=\/wp\/v2\/types\/page"}],"author":[{"embeddable":true,"href":"https:\/\/loisdumonde.com\/index.php?rest_route=\/wp\/v2\/users\/1"}],"replies":[{"embeddable":true,"href":"https:\/\/loisdumonde.com\/index.php?rest_route=%2Fwp%2Fv2%2Fcomments&post=2"}],"version-history":[{"count":21,"href":"https:\/\/loisdumonde.com\/index.php?rest_route=\/wp\/v2\/pages\/2\/revisions"}],"predecessor-version":[{"id":266,"href":"https:\/\/loisdumonde.com\/index.php?rest_route=\/wp\/v2\/pages\/2\/revisions\/266"}],"wp:attachment":[{"href":"https:\/\/loisdumonde.com\/index.php?rest_route=%2Fwp%2Fv2%2Fmedia&parent=2"}],"curies":[{"name":"wp","href":"https:\/\/api.w.org\/{rel}","templated":true}]}}